{"id":2627,"date":"2023-09-26T06:42:50","date_gmt":"2023-09-26T06:42:50","guid":{"rendered":"https:\/\/apro-soft.com\/?page_id=2627"},"modified":"2026-01-14T13:32:10","modified_gmt":"2026-01-14T13:32:10","slug":"meat-industry","status":"publish","type":"page","link":"https:\/\/apro-soft.com\/hu\/meat-industry","title":{"rendered":"H\u00fasiparra fejelsztett Termel\u00e9sir\u00e1ny\u00edt\u00e1s"},"content":{"rendered":"<div data-elementor-type=\"wp-page\" data-elementor-id=\"2627\" class=\"elementor elementor-2627\">\n\t\t\t\t\t\t<section class=\"elementor-section elementor-top-section elementor-element elementor-element-014ffc4 elementor-section-boxed elementor-section-height-default elementor-section-height-default\" data-id=\"014ffc4\" data-element_type=\"section\" data-e-type=\"section\" data-settings=\"{&quot;background_background&quot;:&quot;classic&quot;}\">\n\t\t\t\t\t\t\t<div class=\"elementor-background-overlay\"><\/div>\n\t\t\t\t\t\t\t<div class=\"elementor-container elementor-column-gap-default\">\n\t\t\t\t\t<div class=\"elementor-column elementor-col-100 elementor-top-column elementor-element elementor-element-976f46c\" data-id=\"976f46c\" data-element_type=\"column\" data-e-type=\"column\">\n\t\t\t<div class=\"elementor-widget-wrap elementor-element-populated\">\n\t\t\t\t\t\t<div class=\"elementor-element elementor-element-8b887be elementor-widget elementor-widget-heading\" data-id=\"8b887be\" data-element_type=\"widget\" data-e-type=\"widget\" data-widget_type=\"heading.default\">\n\t\t\t\t<div class=\"elementor-widget-container\">\n\t\t\t\t\t<h2 class=\"elementor-heading-title elementor-size-default\">A H\u00fasfeldolgoz\u00e1s \u00f6sszetett. APROPO egyed\u00fcl\u00e1ll\u00f3 az ir\u00e1ny\u00edt\u00e1s\u00e1ban a v\u00e1g\u00f3h\u00eddt\u00f3l a k\u00e9szterm\u00e9kekig<\/h2>\t\t\t\t<\/div>\n\t\t\t\t<\/div>\n\t\t\t\t<div class=\"elementor-element elementor-element-5c98576 elementor-widget elementor-widget-spacer\" data-id=\"5c98576\" data-element_type=\"widget\" data-e-type=\"widget\" data-widget_type=\"spacer.default\">\n\t\t\t\t<div class=\"elementor-widget-container\">\n\t\t\t\t\t\t\t<div class=\"elementor-spacer\">\n\t\t\t<div class=\"elementor-spacer-inner\"><\/div>\n\t\t<\/div>\n\t\t\t\t\t\t<\/div>\n\t\t\t\t<\/div>\n\t\t\t\t<div class=\"elementor-element elementor-element-e213062 elementor-widget elementor-widget-text-editor\" data-id=\"e213062\" data-element_type=\"widget\" data-e-type=\"widget\" data-widget_type=\"text-editor.default\">\n\t\t\t\t<div class=\"elementor-widget-container\">\n\t\t\t\t\t\t\t\t\t<p>K\u00f6veti \u00e9s ir\u00e1ny\u00edtja a H\u00fasfeldolgoz\u00e1s minden l\u00e9p\u00e9s\u00e9t. A K\u00e9sz- \u00e9s F\u00e9lk\u00e9sz Term\u00e9keket falkasz\u00e1m alapj\u00e1n k\u00f6vetj\u00fck a feldolgoz\u00e1s minden f\u00e1zis\u00e1ban. A feldolgoz\u00e1si \u00e9s gy\u00e1rt\u00e1si folyamatok elv\u00e9gz\u00e9se Mobil Applik\u00e1ci\u00f3n kereszt\u00fcl.<\/p>\t\t\t\t\t\t\t\t<\/div>\n\t\t\t\t<\/div>\n\t\t\t\t<div class=\"elementor-element elementor-element-90213c1 elementor-widget elementor-widget-spacer\" data-id=\"90213c1\" data-element_type=\"widget\" data-e-type=\"widget\" data-widget_type=\"spacer.default\">\n\t\t\t\t<div class=\"elementor-widget-container\">\n\t\t\t\t\t\t\t<div class=\"elementor-spacer\">\n\t\t\t<div class=\"elementor-spacer-inner\"><\/div>\n\t\t<\/div>\n\t\t\t\t\t\t<\/div>\n\t\t\t\t<\/div>\n\t\t\t\t\t<\/div>\n\t\t<\/div>\n\t\t\t\t\t<\/div>\n\t\t<\/section>\n\t\t\t\t<section class=\"elementor-section elementor-top-section elementor-element elementor-element-52f29b0 elementor-section-boxed elementor-section-height-default elementor-section-height-default\" data-id=\"52f29b0\" data-element_type=\"section\" data-e-type=\"section\">\n\t\t\t\t\t\t<div class=\"elementor-container elementor-column-gap-default\">\n\t\t\t\t\t<div class=\"elementor-column elementor-col-100 elementor-top-column elementor-element elementor-element-9a1f59f\" data-id=\"9a1f59f\" data-element_type=\"column\" data-e-type=\"column\">\n\t\t\t<div class=\"elementor-widget-wrap elementor-element-populated\">\n\t\t\t\t\t\t<div class=\"elementor-element elementor-element-4624abf elementor-widget elementor-widget-text-editor\" data-id=\"4624abf\" data-element_type=\"widget\" data-e-type=\"widget\" data-widget_type=\"text-editor.default\">\n\t\t\t\t<div class=\"elementor-widget-container\">\n\t\t\t\t\t\t\t\t\t<p>Fedezze fel az el\u0151ny\u00f6ket, amiket az APROPO k\u00edn\u00e1l a H\u00fasfeldolgoz\u00f3 ipar sz\u00e1m\u00e1ra:<\/p>\t\t\t\t\t\t\t\t<\/div>\n\t\t\t\t<\/div>\n\t\t\t\t<div class=\"elementor-element elementor-element-77d4170 elementor-widget elementor-widget-toggle\" data-id=\"77d4170\" data-element_type=\"widget\" data-e-type=\"widget\" data-widget_type=\"toggle.default\">\n\t\t\t\t<div class=\"elementor-widget-container\">\n\t\t\t\t\t\t\t<div class=\"elementor-toggle\">\n\t\t\t\t\t\t\t<div class=\"elementor-toggle-item\">\n\t\t\t\t\t<div id=\"elementor-tab-title-1251\" class=\"elementor-tab-title\" data-tab=\"1\" role=\"button\" aria-controls=\"elementor-tab-content-1251\" aria-expanded=\"false\">\n\t\t\t\t\t\t\t\t\t\t\t\t<span class=\"elementor-toggle-icon elementor-toggle-icon-left\" aria-hidden=\"true\">\n\t\t\t\t\t\t\t\t\t\t\t\t\t\t\t<span class=\"elementor-toggle-icon-closed\"><i class=\"fas fa-angle-double-down\"><\/i><\/span>\n\t\t\t\t\t\t\t\t<span class=\"elementor-toggle-icon-opened\"><i class=\"elementor-toggle-icon-opened fas fa-check\"><\/i><\/span>\n\t\t\t\t\t\t\t\t\t\t\t\t\t<\/span>\n\t\t\t\t\t\t\t\t\t\t\t\t<a class=\"elementor-toggle-title\" tabindex=\"0\">\u00c9l\u0151\u00e1llat rendel\u00e9s<\/a>\n\t\t\t\t\t<\/div>\n\n\t\t\t\t\t<div id=\"elementor-tab-content-1251\" class=\"elementor-tab-content elementor-clearfix\" data-tab=\"1\" role=\"region\" aria-labelledby=\"elementor-tab-title-1251\"><ul><li>\u00c9l\u0151\u00e1llat rendel\u00e9s s\u00faly vagy darabsz\u00e1m alapj\u00e1n<\/li><li><strong>Azonnali Gy\u00e1rt\u00e1si megb\u00edz\u00e1s k\u00e9sz\u00edt\u00e9se V\u00e1g\u00e1si m\u00f3ddal<\/strong><\/li><li><strong>Csatolja az \u00c1llatorvosi jegyz\u0151k\u00f6nyveket, \u00c1llattart\u00f3i nyilatkozatokat, ENAR Sz\u00e1ll\u00edt\u00f3leveleket \u00e9s M\u00e9rlegleveleket a rendel\u00e9shez tartoz\u00f3 Besz\u00e1ll\u00edt\u00e1shoz<\/strong><\/li><li>V\u00e9gezzen el \u00e9s Dokument\u00e1ljon \u00c1llatorvosi szeml\u00e9ket APROPO Mobil seg\u00edts\u00e9g\u00e9vel. Gyan\u00fas \u00e1llatok elk\u00fcl\u00f6n\u00edt\u00e9se \u00e9s z\u00e1rol\u00e1sa<img fetchpriority=\"high\" decoding=\"async\" class=\"alignnone wp-image-2902 size-full\" src=\"https:\/\/apro-soft.com\/wp-content\/uploads\/2026\/01\/2026-01-14_14h20_27.jpg\" alt=\"\" width=\"490\" height=\"836\" srcset=\"https:\/\/apro-soft.com\/wp-content\/uploads\/2026\/01\/2026-01-14_14h20_27.jpg 490w, https:\/\/apro-soft.com\/wp-content\/uploads\/2026\/01\/2026-01-14_14h20_27-176x300.jpg 176w, https:\/\/apro-soft.com\/wp-content\/uploads\/2026\/01\/2026-01-14_14h20_27-7x12.jpg 7w\" sizes=\"(max-width: 490px) 100vw, 490px\" \/><\/li><\/ul><\/div>\n\t\t\t\t<\/div>\n\t\t\t\t\t\t\t<div class=\"elementor-toggle-item\">\n\t\t\t\t\t<div id=\"elementor-tab-title-1252\" class=\"elementor-tab-title\" data-tab=\"2\" role=\"button\" aria-controls=\"elementor-tab-content-1252\" aria-expanded=\"false\">\n\t\t\t\t\t\t\t\t\t\t\t\t<span class=\"elementor-toggle-icon elementor-toggle-icon-left\" aria-hidden=\"true\">\n\t\t\t\t\t\t\t\t\t\t\t\t\t\t\t<span class=\"elementor-toggle-icon-closed\"><i class=\"fas fa-angle-double-down\"><\/i><\/span>\n\t\t\t\t\t\t\t\t<span class=\"elementor-toggle-icon-opened\"><i class=\"elementor-toggle-icon-opened fas fa-check\"><\/i><\/span>\n\t\t\t\t\t\t\t\t\t\t\t\t\t<\/span>\n\t\t\t\t\t\t\t\t\t\t\t\t<a class=\"elementor-toggle-title\" tabindex=\"0\">V\u00e1g\u00f3h\u00edd<\/a>\n\t\t\t\t\t<\/div>\n\n\t\t\t\t\t<div id=\"elementor-tab-content-1252\" class=\"elementor-tab-content elementor-clearfix\" data-tab=\"2\" role=\"region\" aria-labelledby=\"elementor-tab-title-1252\"><ul><li>\u00c1tvett \u00e1llatok z\u00e1rol\u00e1sa potenci\u00e1lis betegs\u00e9ggel<\/li><li>Tisztas\u00e1gi tev\u00e9kenys\u00e9gek elv\u00e9gz\u00e9se \u00e9s dokument\u00e1l\u00e1sa<\/li><li><strong>V\u00e1g\u00e1si napl\u00f3 automatikus vezet\u00e9se<\/strong><\/li><li>V\u00e1g\u00e1si Term\u00e9kek lejelent\u00e9se s\u00faly vagy darabsz\u00e1m szerint<img decoding=\"async\" class=\"alignright wp-image-2704 size-full\" src=\"https:\/\/apro-soft.com\/wp-content\/uploads\/2023\/09\/vagas.png\" alt=\"\" width=\"517\" height=\"869\" srcset=\"https:\/\/apro-soft.com\/wp-content\/uploads\/2023\/09\/vagas.png 517w, https:\/\/apro-soft.com\/wp-content\/uploads\/2023\/09\/vagas-178x300.png 178w, https:\/\/apro-soft.com\/wp-content\/uploads\/2023\/09\/vagas-7x12.png 7w\" sizes=\"(max-width: 517px) 100vw, 517px\" \/><\/li><\/ul><\/div>\n\t\t\t\t<\/div>\n\t\t\t\t\t\t\t<div class=\"elementor-toggle-item\">\n\t\t\t\t\t<div id=\"elementor-tab-title-1253\" class=\"elementor-tab-title\" data-tab=\"3\" role=\"button\" aria-controls=\"elementor-tab-content-1253\" aria-expanded=\"false\">\n\t\t\t\t\t\t\t\t\t\t\t\t<span class=\"elementor-toggle-icon elementor-toggle-icon-left\" aria-hidden=\"true\">\n\t\t\t\t\t\t\t\t\t\t\t\t\t\t\t<span class=\"elementor-toggle-icon-closed\"><i class=\"fas fa-angle-double-down\"><\/i><\/span>\n\t\t\t\t\t\t\t\t<span class=\"elementor-toggle-icon-opened\"><i class=\"elementor-toggle-icon-opened fas fa-check\"><\/i><\/span>\n\t\t\t\t\t\t\t\t\t\t\t\t\t<\/span>\n\t\t\t\t\t\t\t\t\t\t\t\t<a class=\"elementor-toggle-title\" tabindex=\"0\">H\u00fasfeldolgoz\u00e1s<\/a>\n\t\t\t\t\t<\/div>\n\n\t\t\t\t\t<div id=\"elementor-tab-content-1253\" class=\"elementor-tab-content elementor-clearfix\" data-tab=\"3\" role=\"region\" aria-labelledby=\"elementor-tab-title-1253\"><ul><li><strong>A H\u00fasfeldolgoz\u00e1s (\"Csontoz\u00e1s\") elmarad\u00e1s alapj\u00e1n t\u00f6rt\u00e9nik. \u00d6sszegy\u0171jtj\u00fck az \u00f6sszes k\u00fcls\u0151 \u00e9s bels\u0151 megrendel\u00e9s\u00e9t, \u00f6sszevetj\u00fck a Rakt\u00e1rk\u00e9szlet\u00e9vel, ebb\u0151l ad\u00f3dik a H\u00fasfeldolgoz\u00e1si lista<\/strong><\/li><li><strong>A feldolgozott term\u00e9kek b\u00e1rmelyik szintje lejelenthet\u0151 m\u00e9r\u00e9s ut\u00e1n<\/strong><\/li><li>Rakt\u00e1ri k\u00e9szlet azonnal k\u00f6nyvel\u0151dik, c\u00edmk\u00e9vel ell\u00e1tva, sarzs sz\u00e1m, s\u00faly \u00e9s lej\u00e1rati d\u00e1tum feljel\u00f6l\u00e9ssel<\/li><li>Vev\u0151i rendel\u00e9sek szerinti bont\u00e1s, azonnali \u00e1r\u00fa sz\u00e9toszt\u00e1s kisz\u00e1ll\u00edt\u00e1sokra<\/li><li><img decoding=\"async\" class=\"alignnone wp-image-2903 size-full\" src=\"https:\/\/apro-soft.com\/wp-content\/uploads\/2026\/01\/2026-01-14_14h29_48.jpg\" alt=\"\" width=\"1125\" height=\"836\" srcset=\"https:\/\/apro-soft.com\/wp-content\/uploads\/2026\/01\/2026-01-14_14h29_48.jpg 1125w, https:\/\/apro-soft.com\/wp-content\/uploads\/2026\/01\/2026-01-14_14h29_48-300x223.jpg 300w, https:\/\/apro-soft.com\/wp-content\/uploads\/2026\/01\/2026-01-14_14h29_48-1024x761.jpg 1024w, https:\/\/apro-soft.com\/wp-content\/uploads\/2026\/01\/2026-01-14_14h29_48-768x571.jpg 768w, https:\/\/apro-soft.com\/wp-content\/uploads\/2026\/01\/2026-01-14_14h29_48-16x12.jpg 16w\" sizes=\"(max-width: 1125px) 100vw, 1125px\" \/><\/li><\/ul><\/div>\n\t\t\t\t<\/div>\n\t\t\t\t\t\t\t<div class=\"elementor-toggle-item\">\n\t\t\t\t\t<div id=\"elementor-tab-title-1254\" class=\"elementor-tab-title\" data-tab=\"4\" role=\"button\" aria-controls=\"elementor-tab-content-1254\" aria-expanded=\"false\">\n\t\t\t\t\t\t\t\t\t\t\t\t<span class=\"elementor-toggle-icon elementor-toggle-icon-left\" aria-hidden=\"true\">\n\t\t\t\t\t\t\t\t\t\t\t\t\t\t\t<span class=\"elementor-toggle-icon-closed\"><i class=\"fas fa-angle-double-down\"><\/i><\/span>\n\t\t\t\t\t\t\t\t<span class=\"elementor-toggle-icon-opened\"><i class=\"elementor-toggle-icon-opened fas fa-check\"><\/i><\/span>\n\t\t\t\t\t\t\t\t\t\t\t\t\t<\/span>\n\t\t\t\t\t\t\t\t\t\t\t\t<a class=\"elementor-toggle-title\" tabindex=\"0\">K\u00e9szterm\u00e9kek Gy\u00e1rt\u00e1sa<\/a>\n\t\t\t\t\t<\/div>\n\n\t\t\t\t\t<div id=\"elementor-tab-content-1254\" class=\"elementor-tab-content elementor-clearfix\" data-tab=\"4\" role=\"region\" aria-labelledby=\"elementor-tab-title-1254\"><ul><li>Term\u00e9kek komplex konfigur\u00e1l\u00e1sa<\/li><li>Rakt\u00e1rk\u00e9szlet kiv\u00e1laszt\u00e1sa Fagyaszt\u00f3b\u00f3l vagy H\u0171t\u0151b\u0151l. <strong>Tov\u00e1bbi rakt\u00e1rk\u00e9szlet k\u00e9s\u0151bbi f\u00e1zisban hozz\u00e1adhat\u00f3, ha feldolgoz\u00e1s sor\u00e1n \u00faj felhaszn\u00e1land\u00f3 anyag keletkezik<\/strong><\/li><li>Kisebb l\u00e1d\u00e1kba (20-30 kg) t\u00f6rt\u00e9n\u0151 bekever\u00e9s eset\u00e9n a bekever\u00e9s pontos ar\u00e1ny\u00e1t megadja a rendszer. Egyenletes h\u00fas \u00e9s f\u0171szer ar\u00e1ny SARZSONK\u00c9NT \u00e9s Cikksz\u00e1monk\u00e9nt<\/li><li>A F\u0171szerek pontos mennyis\u00e9g\u00e9t a felhaszn\u00e1lt, val\u00f3di h\u00fasmennyis\u00e9g hat\u00e1rozza meg<\/li><li><strong>Term\u00e9k visszah\u00edv\u00e1sok kezel\u00e9se egyszer\u0171en. Adja meg a term\u00e9ket \u00e9s a lej\u00e1rati d\u00e1tum, a rendszer azonos\u00edtja a K\u00c9SZLET T\u00d6RT\u00c9NET\u00c9T. Ez alapj\u00e1n minden \u00e9rintett partner (bels\u0151 \u00e9s k\u00fcls\u0151) \u00e9rtes\u00edthet\u0151<\/strong><img loading=\"lazy\" decoding=\"async\" class=\"alignright wp-image-2716 size-large\" src=\"https:\/\/apro-soft.com\/wp-content\/uploads\/2023\/09\/Prodconfig-1024x510.png\" alt=\"\" width=\"1024\" height=\"510\" srcset=\"https:\/\/apro-soft.com\/wp-content\/uploads\/2023\/09\/Prodconfig-1024x510.png 1024w, https:\/\/apro-soft.com\/wp-content\/uploads\/2023\/09\/Prodconfig-300x149.png 300w, https:\/\/apro-soft.com\/wp-content\/uploads\/2023\/09\/Prodconfig-768x383.png 768w, https:\/\/apro-soft.com\/wp-content\/uploads\/2023\/09\/Prodconfig-18x9.png 18w, https:\/\/apro-soft.com\/wp-content\/uploads\/2023\/09\/Prodconfig.png 1457w\" sizes=\"(max-width: 1024px) 100vw, 1024px\" \/><\/li><\/ul><\/div>\n\t\t\t\t<\/div>\n\t\t\t\t\t\t\t<div class=\"elementor-toggle-item\">\n\t\t\t\t\t<div id=\"elementor-tab-title-1255\" class=\"elementor-tab-title\" data-tab=\"5\" role=\"button\" aria-controls=\"elementor-tab-content-1255\" aria-expanded=\"false\">\n\t\t\t\t\t\t\t\t\t\t\t\t<span class=\"elementor-toggle-icon elementor-toggle-icon-left\" aria-hidden=\"true\">\n\t\t\t\t\t\t\t\t\t\t\t\t\t\t\t<span class=\"elementor-toggle-icon-closed\"><i class=\"fas fa-angle-double-down\"><\/i><\/span>\n\t\t\t\t\t\t\t\t<span class=\"elementor-toggle-icon-opened\"><i class=\"elementor-toggle-icon-opened fas fa-check\"><\/i><\/span>\n\t\t\t\t\t\t\t\t\t\t\t\t\t<\/span>\n\t\t\t\t\t\t\t\t\t\t\t\t<a class=\"elementor-toggle-title\" tabindex=\"0\">Rakt\u00e1r<\/a>\n\t\t\t\t\t<\/div>\n\n\t\t\t\t\t<div id=\"elementor-tab-content-1255\" class=\"elementor-tab-content elementor-clearfix\" data-tab=\"5\" role=\"region\" aria-labelledby=\"elementor-tab-title-1255\"><ul><li>Minden Rakt\u00e1ri cikk \u00e9s Term\u00e9k c\u00edmk\u00e9vel ell\u00e1tott. A c\u00edmke tartalmaz vonalk\u00f3dot, Sarzs sz\u00e1mot (Falkasz\u00e1m), Lej\u00e1rati d\u00e1tumot, Cikksz\u00e1mot \u00e9s s\u00falyt<\/li><li>Rakt\u00e1ri cikkek sz\u00e9tv\u00e1laszthat\u00f3k, mozgathat\u00f3k, illetve lelt\u00e1razhat\u00f3k<\/li><li>Fagyaszt\u00f3k kezel\u00e9se, lej\u00e1rati id\u0151k automatikus fel\u00fcl\u00edr\u00e1s\u00e1val<\/li><li>Teljes Komissi\u00f3 Gy\u00e1rt\u00e1si \u00e9s Feldolgoz\u00e1si megb\u00edz\u00e1sokhoz<img loading=\"lazy\" decoding=\"async\" class=\"alignright wp-image-2720 size-full\" src=\"https:\/\/apro-soft.com\/wp-content\/uploads\/2023\/09\/raktar.png\" alt=\"\" width=\"517\" height=\"869\" srcset=\"https:\/\/apro-soft.com\/wp-content\/uploads\/2023\/09\/raktar.png 517w, https:\/\/apro-soft.com\/wp-content\/uploads\/2023\/09\/raktar-178x300.png 178w, https:\/\/apro-soft.com\/wp-content\/uploads\/2023\/09\/raktar-7x12.png 7w\" sizes=\"(max-width: 517px) 100vw, 517px\" \/><\/li><\/ul><\/div>\n\t\t\t\t<\/div>\n\t\t\t\t\t\t\t<div class=\"elementor-toggle-item\">\n\t\t\t\t\t<div id=\"elementor-tab-title-1256\" class=\"elementor-tab-title\" data-tab=\"6\" role=\"button\" aria-controls=\"elementor-tab-content-1256\" aria-expanded=\"false\">\n\t\t\t\t\t\t\t\t\t\t\t\t<span class=\"elementor-toggle-icon elementor-toggle-icon-left\" aria-hidden=\"true\">\n\t\t\t\t\t\t\t\t\t\t\t\t\t\t\t<span class=\"elementor-toggle-icon-closed\"><i class=\"fas fa-angle-double-down\"><\/i><\/span>\n\t\t\t\t\t\t\t\t<span class=\"elementor-toggle-icon-opened\"><i class=\"elementor-toggle-icon-opened fas fa-check\"><\/i><\/span>\n\t\t\t\t\t\t\t\t\t\t\t\t\t<\/span>\n\t\t\t\t\t\t\t\t\t\t\t\t<a class=\"elementor-toggle-title\" tabindex=\"0\">K\u00f6lts\u00e9gek k\u00f6vet\u00e9se<\/a>\n\t\t\t\t\t<\/div>\n\n\t\t\t\t\t<div id=\"elementor-tab-content-1256\" class=\"elementor-tab-content elementor-clearfix\" data-tab=\"6\" role=\"region\" aria-labelledby=\"elementor-tab-title-1256\"><ul><li>APROPO k\u00f6veti az Anyag-, Emberi Er\u0151forr\u00e1s, Berendez\u00e9s- \u00e9s \u00dczemi k\u00f6lts\u00e9geket<\/li><li>Egy Term\u00e9ket vagy Cikket k\u00e9pes darab\u00e1ron vagy s\u00faly \u00e1ron is k\u00f6nyvelni<\/li><li>K\u00f6lts\u00e9g Kimutat\u00e1sok k\u00e9sz\u00edt\u00e9se, Gy\u00e1rt\u00e1s \u00e9s Feldolgoz\u00e1s val\u00f3s k\u00f6lts\u00e9g\u00e9nek \u00f6sszevet\u00e9se az Elad\u00e1si \u00e1rral<\/li><\/ul><\/div>\n\t\t\t\t<\/div>\n\t\t\t\t\t\t\t\t<\/div>\n\t\t\t\t\t\t<\/div>\n\t\t\t\t<\/div>\n\t\t\t\t<div class=\"elementor-element elementor-element-d34e999 elementor-widget elementor-widget-spacer\" data-id=\"d34e999\" data-element_type=\"widget\" data-e-type=\"widget\" data-widget_type=\"spacer.default\">\n\t\t\t\t<div class=\"elementor-widget-container\">\n\t\t\t\t\t\t\t<div class=\"elementor-spacer\">\n\t\t\t<div class=\"elementor-spacer-inner\"><\/div>\n\t\t<\/div>\n\t\t\t\t\t\t<\/div>\n\t\t\t\t<\/div>\n\t\t\t\t<div class=\"elementor-element elementor-element-1eb93cf elementor-align-center elementor-widget elementor-widget-button\" data-id=\"1eb93cf\" data-element_type=\"widget\" data-e-type=\"widget\" data-widget_type=\"button.default\">\n\t\t\t\t<div class=\"elementor-widget-container\">\n\t\t\t\t\t\t\t\t\t<div class=\"elementor-button-wrapper\">\n\t\t\t\t\t<a class=\"elementor-button elementor-button-link elementor-size-sm\" href=\"https:\/\/apro-soft.com\/hu\/apropo-erp\/\">\n\t\t\t\t\t\t<span class=\"elementor-button-content-wrapper\">\n\t\t\t\t\t\t\t\t\t<span class=\"elementor-button-text\">APROPO rendszer\u00fcnk teljes bemutat\u00e1s\u00e1\u00e9rt kattintson ide<\/span>\n\t\t\t\t\t<\/span>\n\t\t\t\t\t<\/a>\n\t\t\t\t<\/div>\n\t\t\t\t\t\t\t\t<\/div>\n\t\t\t\t<\/div>\n\t\t\t\t<div class=\"elementor-element elementor-element-a218343 elementor-align-center elementor-invisible elementor-widget elementor-widget-button\" data-id=\"a218343\" data-element_type=\"widget\" data-e-type=\"widget\" data-settings=\"{&quot;_animation&quot;:&quot;slideInUp&quot;,&quot;_animation_delay&quot;:2000}\" data-widget_type=\"button.default\">\n\t\t\t\t<div class=\"elementor-widget-container\">\n\t\t\t\t\t\t\t\t\t<div class=\"elementor-button-wrapper\">\n\t\t\t\t\t<a class=\"elementor-button elementor-button-link elementor-size-sm elementor-animation-grow\" href=\"https:\/\/apro-soft.com\/hu\/contact\">\n\t\t\t\t\t\t<span class=\"elementor-button-content-wrapper\">\n\t\t\t\t\t\t\t\t\t<span class=\"elementor-button-text\">K\u00e9rjen ingyenes bemutat\u00f3t, itt tal\u00e1lja el\u00e9rhet\u0151s\u00e9geinket<\/span>\n\t\t\t\t\t<\/span>\n\t\t\t\t\t<\/a>\n\t\t\t\t<\/div>\n\t\t\t\t\t\t\t\t<\/div>\n\t\t\t\t<\/div>\n\t\t\t\t<div class=\"elementor-element elementor-element-90241d6 elementor-widget elementor-widget-spacer\" data-id=\"90241d6\" data-element_type=\"widget\" data-e-type=\"widget\" data-widget_type=\"spacer.default\">\n\t\t\t\t<div class=\"elementor-widget-container\">\n\t\t\t\t\t\t\t<div class=\"elementor-spacer\">\n\t\t\t<div class=\"elementor-spacer-inner\"><\/div>\n\t\t<\/div>\n\t\t\t\t\t\t<\/div>\n\t\t\t\t<\/div>\n\t\t\t\t\t<\/div>\n\t\t<\/div>\n\t\t\t\t\t<\/div>\n\t\t<\/section>\n\t\t\t\t<\/div>","protected":false},"excerpt":{"rendered":"<p>Meat processing is complex. apropo is unique to manage it from slaughter to finished goods An affordable solution, as APROPO is already optimized to follow and manage every steps of Meat Processing. The Finished Goods are tracked by Kennel ID in each phase of the meat processing. Mobile Application is developed for executing tasks. Explore [&hellip;]<\/p>\n","protected":false},"author":1,"featured_media":0,"parent":0,"menu_order":0,"comment_status":"closed","ping_status":"closed","template":"elementor_header_footer","meta":{"om_disable_all_campaigns":false,"_monsterinsights_skip_tracking":false,"_monsterinsights_sitenote_active":false,"_monsterinsights_sitenote_note":"","_monsterinsights_sitenote_category":0,"site-sidebar-layout":"no-sidebar","site-content-layout":"page-builder","ast-site-content-layout":"full-width-container","site-content-style":"default","site-sidebar-style":"default","ast-global-header-display":"","ast-banner-title-visibility":"","ast-main-header-display":"","ast-hfb-above-header-display":"","ast-hfb-below-header-display":"","ast-hfb-mobile-header-display":"","site-post-title":"disabled","ast-breadcrumbs-content":"","ast-featured-img":"disabled","footer-sml-layout":"","ast-disable-related-posts":"","theme-transparent-header-meta":"","adv-header-id-meta":"","stick-header-meta":"","header-above-stick-meta":"","header-main-stick-meta":"","header-below-stick-meta":"","astra-migrate-meta-layouts":"set","ast-page-background-enabled":"default","ast-page-background-meta":{"desktop":{"background-color":"","background-image":"","background-repeat":"repeat","background-position":"center center","background-size":"auto","background-attachment":"scroll","background-type":"","background-media":"","overlay-type":"","overlay-color":"","overlay-opacity":"","overlay-gradient":""},"tablet":{"background-color":"","background-image":"","background-repeat":"repeat","background-position":"center center","background-size":"auto","background-attachment":"scroll","background-type":"","background-media":"","overlay-type":"","overlay-color":"","overlay-opacity":"","overlay-gradient":""},"mobile":{"background-color":"","background-image":"","background-repeat":"repeat","background-position":"center center","background-size":"auto","background-attachment":"scroll","background-type":"","background-media":"","overlay-type":"","overlay-color":"","overlay-opacity":"","overlay-gradient":""}},"ast-content-background-meta":{"desktop":{"background-color":"var(--ast-global-color-5)","background-image":"","background-repeat":"repeat","background-position":"center center","background-size":"auto","background-attachment":"scroll","background-type":"","background-media":"","overlay-type":"","overlay-color":"","overlay-opacity":"","overlay-gradient":""},"tablet":{"background-color":"var(--ast-global-color-5)","background-image":"","background-repeat":"repeat","background-position":"center center","background-size":"auto","background-attachment":"scroll","background-type":"","background-media":"","overlay-type":"","overlay-color":"","overlay-opacity":"","overlay-gradient":""},"mobile":{"background-color":"var(--ast-global-color-5)","background-image":"","background-repeat":"repeat","background-position":"center center","background-size":"auto","background-attachment":"scroll","background-type":"","background-media":"","overlay-type":"","overlay-color":"","overlay-opacity":"","overlay-gradient":""}},"footnotes":""},"class_list":["post-2627","page","type-page","status-publish","hentry"],"aioseo_notices":[],"_links":{"self":[{"href":"https:\/\/apro-soft.com\/hu\/wp-json\/wp\/v2\/pages\/2627","targetHints":{"allow":["GET"]}}],"collection":[{"href":"https:\/\/apro-soft.com\/hu\/wp-json\/wp\/v2\/pages"}],"about":[{"href":"https:\/\/apro-soft.com\/hu\/wp-json\/wp\/v2\/types\/page"}],"author":[{"embeddable":true,"href":"https:\/\/apro-soft.com\/hu\/wp-json\/wp\/v2\/users\/1"}],"replies":[{"embeddable":true,"href":"https:\/\/apro-soft.com\/hu\/wp-json\/wp\/v2\/comments?post=2627"}],"version-history":[{"count":124,"href":"https:\/\/apro-soft.com\/hu\/wp-json\/wp\/v2\/pages\/2627\/revisions"}],"predecessor-version":[{"id":2906,"href":"https:\/\/apro-soft.com\/hu\/wp-json\/wp\/v2\/pages\/2627\/revisions\/2906"}],"wp:attachment":[{"href":"https:\/\/apro-soft.com\/hu\/wp-json\/wp\/v2\/media?parent=2627"}],"curies":[{"name":"wp","href":"https:\/\/api.w.org\/{rel}","templated":true}]}}