{"id":2918,"date":"2026-02-09T09:44:33","date_gmt":"2026-02-09T09:44:33","guid":{"rendered":"https:\/\/apro-soft.com\/?page_id=2918"},"modified":"2026-02-09T13:53:45","modified_gmt":"2026-02-09T13:53:45","slug":"adatkezeles","status":"publish","type":"page","link":"https:\/\/apro-soft.com\/hu\/adatkezeles","title":{"rendered":"adatkezeles"},"content":{"rendered":"<div data-elementor-type=\"wp-page\" data-elementor-id=\"2918\" class=\"elementor elementor-2918\">\n\t\t\t\t\t\t<section class=\"elementor-section elementor-top-section elementor-element elementor-element-56ba0df elementor-section-boxed elementor-section-height-default elementor-section-height-default\" data-id=\"56ba0df\" data-element_type=\"section\" data-e-type=\"section\">\n\t\t\t\t\t\t<div class=\"elementor-container elementor-column-gap-default\">\n\t\t\t\t\t<div class=\"elementor-column elementor-col-100 elementor-top-column elementor-element elementor-element-04c37fe\" data-id=\"04c37fe\" data-element_type=\"column\" data-e-type=\"column\">\n\t\t\t<div class=\"elementor-widget-wrap elementor-element-populated\">\n\t\t\t\t\t\t<div class=\"elementor-element elementor-element-9f5fb29 elementor-widget elementor-widget-spacer\" data-id=\"9f5fb29\" data-element_type=\"widget\" data-e-type=\"widget\" data-widget_type=\"spacer.default\">\n\t\t\t\t<div class=\"elementor-widget-container\">\n\t\t\t\t\t\t\t<div class=\"elementor-spacer\">\n\t\t\t<div class=\"elementor-spacer-inner\"><\/div>\n\t\t<\/div>\n\t\t\t\t\t\t<\/div>\n\t\t\t\t<\/div>\n\t\t\t\t<div class=\"elementor-element elementor-element-a3123b8 elementor-widget elementor-widget-heading\" data-id=\"a3123b8\" data-element_type=\"widget\" data-e-type=\"widget\" data-widget_type=\"heading.default\">\n\t\t\t\t<div class=\"elementor-widget-container\">\n\t\t\t\t\t<h1 class=\"elementor-heading-title elementor-size-default\">Adatkezel\u00e9si t\u00e1j\u00e9koztat\u00f3<\/h1>\t\t\t\t<\/div>\n\t\t\t\t<\/div>\n\t\t\t\t<div class=\"elementor-element elementor-element-142b170 elementor-widget elementor-widget-spacer\" data-id=\"142b170\" data-element_type=\"widget\" data-e-type=\"widget\" data-widget_type=\"spacer.default\">\n\t\t\t\t<div class=\"elementor-widget-container\">\n\t\t\t\t\t\t\t<div class=\"elementor-spacer\">\n\t\t\t<div class=\"elementor-spacer-inner\"><\/div>\n\t\t<\/div>\n\t\t\t\t\t\t<\/div>\n\t\t\t\t<\/div>\n\t\t\t\t<div class=\"elementor-element elementor-element-28bf2d7 elementor-widget elementor-widget-text-editor\" data-id=\"28bf2d7\" data-element_type=\"widget\" data-e-type=\"widget\" data-widget_type=\"text-editor.default\">\n\t\t\t\t<div class=\"elementor-widget-container\">\n\t\t\t\t\t\t\t\t\t<h2 data-start=\"310\" data-end=\"336\">1. Az adatkezel\u0151 adatai<\/h2><ul data-start=\"337\" data-end=\"469\"><li data-start=\"337\" data-end=\"361\"><p data-start=\"339\" data-end=\"361\"><strong data-start=\"339\" data-end=\"350\">C\u00e9gn\u00e9v:<\/strong> Aprosoft GmbH<\/p><\/li><li data-start=\"362\" data-end=\"395\"><p data-start=\"364\" data-end=\"395\"><strong data-start=\"364\" data-end=\"377\">Sz\u00e9khely:<\/strong> Friedrich-Ebert-Str. 13, Germersheim D-76726<\/p><\/li><li data-start=\"396\" data-end=\"437\"><p data-start=\"398\" data-end=\"437\"><strong data-start=\"398\" data-end=\"423\">Kapcsolattart\u00f3 email:<\/strong> zoltan.dusza@apro-soft.de<\/p><\/li><li data-start=\"438\" data-end=\"469\"><p data-start=\"440\" data-end=\"469\"><strong data-start=\"440\" data-end=\"453\">Weboldal:<\/strong> www.apro-soft.com<\/p><\/li><\/ul><p data-start=\"471\" data-end=\"561\">Az adatkezel\u0151 felel\u0151s az online audit k\u00e9rd\u0151\u00edv sor\u00e1n megadott szem\u00e9lyes adatok kezel\u00e9s\u00e9\u00e9rt.<\/p><hr data-start=\"563\" data-end=\"566\" \/><h2 data-start=\"568\" data-end=\"594\">2. Az adatkezel\u00e9s c\u00e9lja<\/h2><p data-start=\"595\" data-end=\"616\">Az adatkezel\u00e9s c\u00e9lja:<\/p><ul data-start=\"617\" data-end=\"891\"><li data-start=\"617\" data-end=\"687\"><p data-start=\"619\" data-end=\"687\">a k\u00e9rd\u0151\u00edv kit\u00f6lt\u00e9se alapj\u00e1n <strong data-start=\"647\" data-end=\"677\">audit jelleg\u0171 visszajelz\u00e9s<\/strong> ny\u00fajt\u00e1sa,<\/p><\/li><li data-start=\"688\" data-end=\"744\"><p data-start=\"690\" data-end=\"744\">az audit eredm\u00e9ny\u00e9nek <strong data-start=\"712\" data-end=\"743\">emailben t\u00f6rt\u00e9n\u0151 megk\u00fcld\u00e9se<\/strong>,<\/p><\/li><li data-start=\"745\" data-end=\"826\"><p data-start=\"747\" data-end=\"826\">a kit\u00f6lt\u0151 k\u00e9r\u00e9s\u00e9re <strong data-start=\"766\" data-end=\"787\">kapcsolatfelv\u00e9tel<\/strong> az audit eredm\u00e9nyeivel \u00f6sszef\u00fcgg\u00e9sben,<\/p><\/li><li data-start=\"827\" data-end=\"891\"><p data-start=\"829\" data-end=\"891\">statisztikai, elemz\u00e9si c\u00e9l\u00fa \u00f6sszes\u00edt\u00e9s (n\u00e9v n\u00e9lk\u00fcli form\u00e1ban).<\/p><\/li><\/ul><p data-start=\"893\" data-end=\"973\">Az adatokat <strong data-start=\"905\" data-end=\"972\">nem haszn\u00e1ljuk automatikus d\u00f6nt\u00e9shozatalra vagy profilalkot\u00e1sra<\/strong>.<\/p><hr data-start=\"975\" data-end=\"978\" \/><h2 data-start=\"980\" data-end=\"1004\">3. Kezelt adatok k\u00f6re<\/h2><p data-start=\"1005\" data-end=\"1059\">A k\u00e9rd\u0151\u00edv kit\u00f6lt\u00e9se sor\u00e1n az al\u00e1bbi adatokat kezelj\u00fck:<\/p><ul data-start=\"1061\" data-end=\"1252\"><li data-start=\"1061\" data-end=\"1121\"><p data-start=\"1063\" data-end=\"1121\">c\u00e9g m\u00e9rete (foglalkoztatottak sz\u00e1ma \u2013 kateg\u00f3ri\u00e1k szerint),<\/p><\/li><li data-start=\"1122\" data-end=\"1134\"><p data-start=\"1124\" data-end=\"1134\">email c\u00edm,<\/p><\/li><li data-start=\"1135\" data-end=\"1198\"><p data-start=\"1137\" data-end=\"1198\">a k\u00e9rd\u0151\u00edvben megjel\u00f6lt v\u00e1laszok (motiv\u00e1ci\u00f3k, visszajelz\u00e9sek),<\/p><\/li><li data-start=\"1199\" data-end=\"1252\"><p data-start=\"1201\" data-end=\"1252\">opcion\u00e1lisan megadott szabad sz\u00f6veges megjegyz\u00e9sek.<\/p><\/li><\/ul><p data-start=\"1254\" data-end=\"1328\">A k\u00e9rd\u0151\u00edv <strong data-start=\"1264\" data-end=\"1303\">nem k\u00e9r k\u00fcl\u00f6nleges szem\u00e9lyes adatot<\/strong> (pl. eg\u00e9szs\u00e9g\u00fcgyi adat).<\/p><hr data-start=\"1330\" data-end=\"1333\" \/><h2 data-start=\"1335\" data-end=\"1365\">4. Az adatkezel\u00e9s jogalapja<\/h2><p data-start=\"1366\" data-end=\"1536\">Az adatkezel\u00e9s jogalapja az \u00e9rintett <strong data-start=\"1403\" data-end=\"1441\">\u00f6nk\u00e9ntes, egy\u00e9rtelm\u0171 hozz\u00e1j\u00e1rul\u00e1sa<\/strong>, amelyet a k\u00e9rd\u0151\u00edv v\u00e9g\u00e9n tal\u00e1lhat\u00f3 checkbox bepip\u00e1l\u00e1s\u00e1val ad meg<br data-start=\"1506\" data-end=\"1509\" \/>(GDPR 6. cikk (1) a) pont).<\/p><p data-start=\"1538\" data-end=\"1576\">A hozz\u00e1j\u00e1rul\u00e1s b\u00e1rmikor visszavonhat\u00f3.<\/p><hr data-start=\"1578\" data-end=\"1581\" \/><h2 data-start=\"1583\" data-end=\"1617\">5. Az adatok meg\u0151rz\u00e9s\u00e9nek ideje<\/h2><p data-start=\"1618\" data-end=\"1638\">A megadott adatokat:<\/p><ul data-start=\"1639\" data-end=\"1732\"><li data-start=\"1639\" data-end=\"1678\"><p data-start=\"1641\" data-end=\"1678\">legfeljebb <strong data-start=\"1652\" data-end=\"1666\">12 h\u00f3napig<\/strong> t\u00e1roljuk,<\/p><\/li><li data-start=\"1679\" data-end=\"1732\"><p data-start=\"1681\" data-end=\"1732\">vagy addig, am\u00edg az \u00e9rintett a t\u00f6rl\u00e9s\u00fcket nem k\u00e9ri.<\/p><\/li><\/ul><p data-start=\"1734\" data-end=\"1815\">Statisztikai c\u00e9l\u00fa \u00f6sszes\u00edt\u00e9sek anonimiz\u00e1lt form\u00e1ban korl\u00e1tlan ideig meg\u0151rizhet\u0151k.<\/p><hr data-start=\"1817\" data-end=\"1820\" \/><h2 data-start=\"1822\" data-end=\"1859\">6. Adattov\u00e1bb\u00edt\u00e1s, adatfeldolgoz\u00f3k<\/h2><p data-start=\"1860\" data-end=\"1872\">Az adatokat:<\/p><ul data-start=\"1873\" data-end=\"2000\"><li data-start=\"1873\" data-end=\"1910\"><p data-start=\"1875\" data-end=\"1910\"><strong data-start=\"1875\" data-end=\"1907\">nem adjuk \u00e1t harmadik f\u00e9lnek<\/strong>,<\/p><\/li><li data-start=\"1911\" data-end=\"2000\"><p data-start=\"1913\" data-end=\"2000\">kiz\u00e1r\u00f3lag az audit lebonyol\u00edt\u00e1s\u00e1hoz \u00e9s az \u00e9rintett k\u00e9r\u00e9s\u00e9nek teljes\u00edt\u00e9s\u00e9hez haszn\u00e1ljuk.<\/p><\/li><\/ul><p data-start=\"2002\" data-end=\"2090\">Az adatkezel\u00e9s sor\u00e1n az al\u00e1bbi technikai szolg\u00e1ltat\u00f3k vehetnek r\u00e9szt adatfeldolgoz\u00f3k\u00e9nt:<\/p><ul data-start=\"2091\" data-end=\"2172\"><li data-start=\"2091\" data-end=\"2123\"><p data-start=\"2093\" data-end=\"2123\">weboldal \/ t\u00e1rhelyszolg\u00e1ltat\u00f3,<\/p><\/li><li data-start=\"2124\" data-end=\"2172\"><p data-start=\"2126\" data-end=\"2172\">k\u00e9rd\u0151\u00edvkezel\u0151 rendszer (pl. WordPress plugin).<\/p><\/li><\/ul><p data-start=\"2174\" data-end=\"2256\">Az adatfeldolgoz\u00f3k az adatokat kiz\u00e1r\u00f3lag az adatkezel\u0151 utas\u00edt\u00e1sai szerint kezelik.<\/p><hr data-start=\"2258\" data-end=\"2261\" \/><h2 data-start=\"2263\" data-end=\"2286\">7. Az \u00e9rintett jogai<\/h2><p data-start=\"2287\" data-end=\"2308\">Az \u00e9rintett jogosult:<\/p><ul data-start=\"2309\" data-end=\"2525\"><li data-start=\"2309\" data-end=\"2350\"><p data-start=\"2311\" data-end=\"2350\">t\u00e1j\u00e9koztat\u00e1st k\u00e9rni a kezelt adatokr\u00f3l,<\/p><\/li><li data-start=\"2351\" data-end=\"2383\"><p data-start=\"2353\" data-end=\"2383\">k\u00e9rni az adatok helyesb\u00edt\u00e9s\u00e9t,<\/p><\/li><li data-start=\"2384\" data-end=\"2411\"><p data-start=\"2386\" data-end=\"2411\">k\u00e9rni az adatok t\u00f6rl\u00e9s\u00e9t,<\/p><\/li><li data-start=\"2412\" data-end=\"2448\"><p data-start=\"2414\" data-end=\"2448\">k\u00e9rni az adatkezel\u00e9s korl\u00e1toz\u00e1s\u00e1t,<\/p><\/li><li data-start=\"2449\" data-end=\"2483\"><p data-start=\"2451\" data-end=\"2483\">tiltakozni az adatkezel\u00e9s ellen,<\/p><\/li><li data-start=\"2484\" data-end=\"2525\"><p data-start=\"2486\" data-end=\"2525\">panaszt tenni a fel\u00fcgyeleti hat\u00f3s\u00e1gn\u00e1l.<\/p><\/li><\/ul><p data-start=\"2527\" data-end=\"2581\">K\u00e9r\u00e9seit a <strong data-start=\"2538\" data-end=\"2564\">kapcsolattart\u00f3 email<\/strong>\u00a0c\u00edmen jelezheti.<\/p><hr data-start=\"2583\" data-end=\"2586\" \/><h2 data-start=\"2588\" data-end=\"2613\">8. Fel\u00fcgyeleti hat\u00f3s\u00e1g<\/h2><p data-start=\"2614\" data-end=\"2735\">Amennyiben az \u00e9rintett \u00fagy v\u00e9li, hogy adatkezel\u00e9s\u00fcnk nem felel meg a jogszab\u00e1lyoknak, panaszt tehet az al\u00e1bbi hat\u00f3s\u00e1gn\u00e1l:<\/p><p data-start=\"2737\" data-end=\"2871\"><strong data-start=\"2737\" data-end=\"2798\">Nemzeti Adatv\u00e9delmi \u00e9s Inform\u00e1ci\u00f3szabads\u00e1g Hat\u00f3s\u00e1g (NAIH)<\/strong><br data-start=\"2798\" data-end=\"2801\" \/>C\u00edm: 1055 Budapest, Falk Miksa utca 9\u201311.<br data-start=\"2842\" data-end=\"2845\" \/>Web: <a class=\"decorated-link\" href=\"https:\/\/www.naih.hu\" target=\"_new\" rel=\"noopener\" data-start=\"2850\" data-end=\"2869\">https:\/\/www.naih.hu<\/a><\/p><hr data-start=\"2873\" data-end=\"2876\" \/><h2 data-start=\"2878\" data-end=\"2902\">9. Z\u00e1r\u00f3 rendelkez\u00e9sek<\/h2><p data-start=\"2903\" data-end=\"3019\">Az adatkezel\u0151 fenntartja a jogot jelen t\u00e1j\u00e9koztat\u00f3 m\u00f3dos\u00edt\u00e1s\u00e1ra.<br data-start=\"2967\" data-end=\"2970\" \/>Az aktu\u00e1lis verzi\u00f3 mindig a weboldalon \u00e9rhet\u0151 el.<\/p>\t\t\t\t\t\t\t\t<\/div>\n\t\t\t\t<\/div>\n\t\t\t\t\t<\/div>\n\t\t<\/div>\n\t\t\t\t\t<\/div>\n\t\t<\/section>\n\t\t\t\t<\/div>","protected":false},"excerpt":{"rendered":"<p>Adatkezel\u00e9si t\u00e1j\u00e9koztat\u00f3 1. Az adatkezel\u0151 adatai C\u00e9gn\u00e9v: Aprosoft GmbH Sz\u00e9khely: Friedrich-Ebert-Str. 13, Germersheim D-76726 Kapcsolattart\u00f3 email: zoltan.dusza@apro-soft.de Weboldal: www.apro-soft.com Az adatkezel\u0151 felel\u0151s az online audit k\u00e9rd\u0151\u00edv sor\u00e1n megadott szem\u00e9lyes adatok kezel\u00e9s\u00e9\u00e9rt. 2. Az adatkezel\u00e9s c\u00e9lja Az adatkezel\u00e9s c\u00e9lja: a k\u00e9rd\u0151\u00edv kit\u00f6lt\u00e9se alapj\u00e1n audit jelleg\u0171 visszajelz\u00e9s ny\u00fajt\u00e1sa, az audit eredm\u00e9ny\u00e9nek emailben t\u00f6rt\u00e9n\u0151 megk\u00fcld\u00e9se, a kit\u00f6lt\u0151 k\u00e9r\u00e9s\u00e9re [&hellip;]<\/p>\n","protected":false},"author":1,"featured_media":0,"parent":0,"menu_order":0,"comment_status":"closed","ping_status":"closed","template":"","meta":{"om_disable_all_campaigns":false,"_monsterinsights_skip_tracking":false,"_monsterinsights_sitenote_active":false,"_monsterinsights_sitenote_note":"","_monsterinsights_sitenote_category":0,"site-sidebar-layout":"no-sidebar","site-content-layout":"page-builder","ast-site-content-layout":"full-width-container","site-content-style":"default","site-sidebar-style":"default","ast-global-header-display":"","ast-banner-title-visibility":"","ast-main-header-display":"","ast-hfb-above-header-display":"","ast-hfb-below-header-display":"","ast-hfb-mobile-header-display":"","site-post-title":"","ast-breadcrumbs-content":"","ast-featured-img":"disabled","footer-sml-layout":"","ast-disable-related-posts":"","theme-transparent-header-meta":"","adv-header-id-meta":"","stick-header-meta":"","header-above-stick-meta":"","header-main-stick-meta":"","header-below-stick-meta":"","astra-migrate-meta-layouts":"set","ast-page-background-enabled":"default","ast-page-background-meta":{"desktop":{"background-color":"","background-image":"","background-repeat":"repeat","background-position":"center center","background-size":"auto","background-attachment":"scroll","background-type":"","background-media":"","overlay-type":"","overlay-color":"","overlay-opacity":"","overlay-gradient":""},"tablet":{"background-color":"","background-image":"","background-repeat":"repeat","background-position":"center center","background-size":"auto","background-attachment":"scroll","background-type":"","background-media":"","overlay-type":"","overlay-color":"","overlay-opacity":"","overlay-gradient":""},"mobile":{"background-color":"","background-image":"","background-repeat":"repeat","background-position":"center center","background-size":"auto","background-attachment":"scroll","background-type":"","background-media":"","overlay-type":"","overlay-color":"","overlay-opacity":"","overlay-gradient":""}},"ast-content-background-meta":{"desktop":{"background-color":"var(--ast-global-color-5)","background-image":"","background-repeat":"repeat","background-position":"center center","background-size":"auto","background-attachment":"scroll","background-type":"","background-media":"","overlay-type":"","overlay-color":"","overlay-opacity":"","overlay-gradient":""},"tablet":{"background-color":"var(--ast-global-color-5)","background-image":"","background-repeat":"repeat","background-position":"center center","background-size":"auto","background-attachment":"scroll","background-type":"","background-media":"","overlay-type":"","overlay-color":"","overlay-opacity":"","overlay-gradient":""},"mobile":{"background-color":"var(--ast-global-color-5)","background-image":"","background-repeat":"repeat","background-position":"center center","background-size":"auto","background-attachment":"scroll","background-type":"","background-media":"","overlay-type":"","overlay-color":"","overlay-opacity":"","overlay-gradient":""}},"footnotes":""},"class_list":["post-2918","page","type-page","status-publish","hentry"],"aioseo_notices":[],"_links":{"self":[{"href":"https:\/\/apro-soft.com\/hu\/wp-json\/wp\/v2\/pages\/2918","targetHints":{"allow":["GET"]}}],"collection":[{"href":"https:\/\/apro-soft.com\/hu\/wp-json\/wp\/v2\/pages"}],"about":[{"href":"https:\/\/apro-soft.com\/hu\/wp-json\/wp\/v2\/types\/page"}],"author":[{"embeddable":true,"href":"https:\/\/apro-soft.com\/hu\/wp-json\/wp\/v2\/users\/1"}],"replies":[{"embeddable":true,"href":"https:\/\/apro-soft.com\/hu\/wp-json\/wp\/v2\/comments?post=2918"}],"version-history":[{"count":10,"href":"https:\/\/apro-soft.com\/hu\/wp-json\/wp\/v2\/pages\/2918\/revisions"}],"predecessor-version":[{"id":2947,"href":"https:\/\/apro-soft.com\/hu\/wp-json\/wp\/v2\/pages\/2918\/revisions\/2947"}],"wp:attachment":[{"href":"https:\/\/apro-soft.com\/hu\/wp-json\/wp\/v2\/media?parent=2918"}],"curies":[{"name":"wp","href":"https:\/\/api.w.org\/{rel}","templated":true}]}}